{"id":1136,"date":"2019-04-16T08:29:50","date_gmt":"2019-04-16T08:29:50","guid":{"rendered":"https:\/\/www.roemerhof-felben.ch\/w\/?page_id=1136"},"modified":"2026-04-17T12:04:50","modified_gmt":"2026-04-17T12:04:50","slug":"fleisch-vom-roemerhof","status":"publish","type":"page","link":"https:\/\/www.roemerhof-felben.ch\/w\/fleisch-vom-roemerhof\/","title":{"rendered":"Fleisch und Brot vom R\u00f6merhof"},"content":{"rendered":"<p>[vc_row][vc_column][rev_slider_vc alias=&#8220;fleisch&#8220;][\/vc_column][\/vc_row][vc_row][vc_column][vc_empty_space height=&#8220;40px&#8220; el_class=&#8220;hidden-xs hidden-sm&#8220;][vc_column_text]<a name=\"start\"><\/a><\/p>\n<h1 style=\"text-align: center;\">Fleisch vom R\u00f6merhof<\/h1>\n<p>[\/vc_column_text][\/vc_column][\/vc_row][vc_row][vc_column width=&#8220;1\/4&#8243;][vc_column_text]<\/p>\n<div class=\"redDot\" style=\"text-align: center;\">\n<p>R\u00f6merhof-<br \/>\nBeef im<br \/>\nMischpaket<br \/>\n29. Mai<\/p>\n<p>&nbsp;<\/p>\n<\/div>\n<p>[\/vc_column_text][\/vc_column][vc_column width=&#8220;3\/4&#8243;][vc_column_text][\/vc_column_text][vc_empty_space height=&#8220;10px&#8220;][vc_column_text]<\/p>\n<h2>Reservieren Sie sich jetzt f\u00fcr den Vorrat<\/h2>\n<h3><strong>Fleisch vom R\u00f6merhof-Beef im Mischpaket<\/strong><\/h3>\n<p>Der n\u00e4chste Verpacktermin findet am 29. Mai 2026 statt.<\/p>\n<p>Bestellungen nehmen wir gerne entgegen.<\/p>\n<h3><strong>Fleisch vom Freiland-Schwein<\/strong><\/h3>\n<p>Fleisch von unseren Freiland-Schweinen ist im September 2026 wieder erh\u00e4ltlich. Gerne nehmen wir ab sofort Bestellungen entgegen.<\/p>\n<h2>Unsere Philosophie<\/h2>\n<p>Wir haben uns als \u00f6kologisches Ziel kurze Transportwege und hofeigenes Futter auf die Fahne geschrieben.<\/p>\n<p>In unserem R\u00f6merhof-Egg\u00e4 finden Sie deshalb fast ausschliesslich Produkte, welche auf unserem Betrieb hergestellt wurden.<\/p>\n<p>Die Tiere werden so naturnah wie m\u00f6glich gehalten und mit weitgehend eigenem Futter ohne Soja gem\u00e4stet.<\/p>\n<p>Die K\u00e4lber bleiben bei ihrer Mutter bis das n\u00e4chste Kalb zur Welt kommt und die Kuh sich vom \u00e4lteren Kalb trennt. W\u00e4hrend der ganzen Zeit fressen die K\u00e4lber mit ihrer Kuh auf der Weide oder im Stall das auf unserem Hof produzierte Gras, Silage und Heu. Den Sommer verbringen unsere K\u00fche mit K\u00e4lbern und Stier auf unserer Weide in Bornhausen.<\/p>\n<p>Die Freilandschweine geniessen das Draussen sein ganz besonders. Mit Wonne graben sie in der Erde, suhlen sich im Schlamm und sonnen im weichen Stroh.<\/p>\n<p>Stressfrei bringen wir die Tiere selber zum Metzger, der Fahrtweg dauert nur ca. 15 min.<\/p>\n<p>Das Fleisch wird vom Metzger fachgerecht abgehangen und zerlegt. Anschliessend holen wir beim Fleischfachmann das Fleisch ab und vacuumieren und beschriften es pers\u00f6nlich in unserem Verarbeitungsraum.[\/vc_column_text][\/vc_column][\/vc_row][vc_row][vc_column][vc_separator][\/vc_column][\/vc_row][vc_row][vc_column width=&#8220;1\/2&#8243;][vc_column_text]<\/p>\n<h2>Schweinefleisch im Mischpaket<\/h2>\n<p>Bestellen Sie via Bestellformular und teilen Sie uns gleich mit, welche Wurstwaren gew\u00fcnscht sind. Anschliessend melden wir uns bei Ihnen.<\/p>\n<p>&nbsp;<\/p>\n<h2>R\u00f6merhof-Beef im Mischpaket<\/h2>\n<p>Bestellen Sie via Bestellformular, wir melden uns anschliessend bei ihnen.<\/p>\n<p>Bestellungen siehe Bestellformular Rind, Schwein.<\/p>\n<h2>Vermietung Tiefk\u00fchlfach<\/h2>\n<p>Haben Sie keinen Tiefk\u00fchler oder ist er zu klein? Wir haben die L\u00f6sung. F\u00fcr eine Tiefk\u00fchlpauschale k\u00f6nnen Sie bei uns einen Platz im Tiefk\u00fchler mieten und Ihr Fleisch bei uns zwischenlagern.<\/p>\n<p>Teilen Sie uns auf dem Bestellformular mit, wenn Sie von diesem Angebot Gebrauch machen m\u00f6chten.[\/vc_column_text][\/vc_column][vc_column width=&#8220;1\/2&#8243;][vc_gallery type=&#8220;image_grid&#8220; images=&#8220;1153,1146,1152,1151,1145,1150,1148,1147,1149&#8243;][\/vc_column][\/vc_row][vc_row][vc_column][vc_btn title=&#8220;Bestellung und Info R\u00f6merhof-Beef&#8220; shape=&#8220;round&#8220; color=&#8220;success&#8220; link=&#8220;url:%20https%3A%2F%2Fwww.roemerhof-felben.ch%2Fw%2Ffleisch-vom-roemerhof%2Fbestellung-rind-formular%2F|||&#8220;][vc_btn title=&#8220;Bestellung und Info Schweinefleisch&#8220; shape=&#8220;round&#8220; color=&#8220;warning&#8220; link=&#8220;url:%20https%3A%2F%2Fwww.roemerhof-felben.ch%2Fw%2Ffleisch-vom-roemerhof%2Fbestellung-schwein-formular%2F|title:Schwein||&#8220;][\/vc_column][\/vc_row][vc_row][vc_column][vc_empty_space][\/vc_column][\/vc_row]<\/p>\n","protected":false},"excerpt":{"rendered":"<p>[vc_row][vc_column][rev_slider_vc alias=&#8220;fleisch&#8220;][\/vc_column][\/vc_row][vc_row][vc_column][vc_empty_space height=&#8220;40px&#8220; el_class=&#8220;hidden-xs hidden-sm&#8220;][vc_column_text] Fleisch vom R\u00f6merhof [\/vc_column_text][\/vc_column][\/vc_row][vc_row][vc_column width=&#8220;1\/4&#8243;][vc_column_text] R\u00f6merhof- Beef im Mischpaket 29. Mai &nbsp; [\/vc_column_text][\/vc_column][vc_column width=&#8220;3\/4&#8243;][vc_column_text][\/vc_column_text][vc_empty_space height=&#8220;10px&#8220;][vc_column_text] Reservieren Sie sich jetzt f\u00fcr den Vorrat Fleisch vom R\u00f6merhof-Beef im Mischpaket Der n\u00e4chste Verpacktermin findet am 29. Mai 2026 statt. Bestellungen nehmen wir gerne entgegen. Fleisch vom Freiland-Schwein Fleisch von unseren Freiland-Schweinen ist im &hellip; <br \/><a href=\"https:\/\/www.roemerhof-felben.ch\/w\/fleisch-vom-roemerhof\/\" class=\"more-link\">Continue reading <span class=\"screen-reader-text\">Fleisch und Brot vom R\u00f6merhof<\/span><\/a><\/p>\n","protected":false},"author":2,"featured_media":0,"parent":0,"menu_order":0,"comment_status":"closed","ping_status":"closed","template":"","meta":[],"_links":{"self":[{"href":"https:\/\/www.roemerhof-felben.ch\/w\/wp-json\/wp\/v2\/pages\/1136"}],"collection":[{"href":"https:\/\/www.roemerhof-felben.ch\/w\/wp-json\/wp\/v2\/pages"}],"about":[{"href":"https:\/\/www.roemerhof-felben.ch\/w\/wp-json\/wp\/v2\/types\/page"}],"author":[{"embeddable":true,"href":"https:\/\/www.roemerhof-felben.ch\/w\/wp-json\/wp\/v2\/users\/2"}],"replies":[{"embeddable":true,"href":"https:\/\/www.roemerhof-felben.ch\/w\/wp-json\/wp\/v2\/comments?post=1136"}],"version-history":[{"count":181,"href":"https:\/\/www.roemerhof-felben.ch\/w\/wp-json\/wp\/v2\/pages\/1136\/revisions"}],"predecessor-version":[{"id":11802,"href":"https:\/\/www.roemerhof-felben.ch\/w\/wp-json\/wp\/v2\/pages\/1136\/revisions\/11802"}],"wp:attachment":[{"href":"https:\/\/www.roemerhof-felben.ch\/w\/wp-json\/wp\/v2\/media?parent=1136"}],"curies":[{"name":"wp","href":"https:\/\/api.w.org\/{rel}","templated":true}]}}