{"id":1260,"date":"2019-04-17T06:45:27","date_gmt":"2019-04-17T06:45:27","guid":{"rendered":"https:\/\/www.roemerhof-felben.ch\/w\/?page_id=1260"},"modified":"2022-10-18T06:52:16","modified_gmt":"2022-10-18T06:52:16","slug":"ueber-uns","status":"publish","type":"page","link":"https:\/\/www.roemerhof-felben.ch\/w\/ueber-uns\/","title":{"rendered":"\u00dcber uns"},"content":{"rendered":"<p>[vc_row][vc_column][vc_empty_space height=&#8220;50px&#8220;][vc_column_text]<\/p>\n<h1>Familie Dietiker<\/h1>\n<p>[\/vc_column_text][vc_raw_html]JTNDcCUyMHN0eWxlJTNEJTIydGV4dC1hbGlnbiUzQXJpZ2h0JTNCJTIyJTNFJTNDYSUyMGhyZWYlM0QlMjJqYXZzY3JpcHQlM0FoaXN0b3J5LmJhY2slMjglMjklM0IlMjIlM0UlMjYlMjMxNzElM0IlMjB6dXIlQzMlQkNjayUzQyUyRmElM0UlM0MlMkZwJTNF[\/vc_raw_html][\/vc_column][\/vc_row][vc_row][vc_column width=&#8220;1\/2&#8243;][vc_column_text]<\/p>\n<h2>Guten Tag<\/h2>\n<p>Wir, das sind Urs (Meisterlandwirt) und Petra Dietiker (Spielgruppenleiterin, G\u00e4rtnerin und B\u00e4uerin FA) mit den vier Kindern Marius, Ramon, Dario und Lorena bewirtschaften den R\u00f6merhof in vierter Generation. Auf unserem Hof werden vor allem Mutterk\u00fche und Mastschweine gehalten.<\/p>\n<p>Im Ackerbau setzten wir unsere Philosophie der recourcenschonenden nachhaltigen Anbauweise um. Ein grosser Teil der qualitativ hochstehenden Feldprodukte werden an unsere Tiere verf\u00fcttert. Somit k\u00f6nnen wir viele Transportwege einsparen und unseren Beitrag zur \u00d6kologie leisten.[\/vc_column_text][\/vc_column][vc_column width=&#8220;1\/2&#8243;][vc_empty_space][vc_single_image image=&#8220;1262&#8243; img_size=&#8220;448&#215;299&#8243; add_caption=&#8220;yes&#8220;][vc_single_image image=&#8220;1261&#8243; img_size=&#8220;large&#8220; add_caption=&#8220;yes&#8220; css=&#8220;.vc_custom_1555483696493{margin-bottom: 20px !important;}&#8220;][\/vc_column][\/vc_row]<\/p>\n","protected":false},"excerpt":{"rendered":"<p>[vc_row][vc_column][vc_empty_space height=&#8220;50px&#8220;][vc_column_text] Familie Dietiker [\/vc_column_text][vc_raw_html]JTNDcCUyMHN0eWxlJTNEJTIydGV4dC1hbGlnbiUzQXJpZ2h0JTNCJTIyJTNFJTNDYSUyMGhyZWYlM0QlMjJqYXZzY3JpcHQlM0FoaXN0b3J5LmJhY2slMjglMjklM0IlMjIlM0UlMjYlMjMxNzElM0IlMjB6dXIlQzMlQkNjayUzQyUyRmElM0UlM0MlMkZwJTNF[\/vc_raw_html][\/vc_column][\/vc_row][vc_row][vc_column width=&#8220;1\/2&#8243;][vc_column_text] Guten Tag Wir, das sind Urs (Meisterlandwirt) und Petra Dietiker (Spielgruppenleiterin, G\u00e4rtnerin und B\u00e4uerin FA) mit den vier Kindern Marius, Ramon, Dario und Lorena bewirtschaften den R\u00f6merhof in vierter Generation. Auf unserem Hof werden vor allem Mutterk\u00fche und Mastschweine gehalten. Im Ackerbau setzten wir unsere Philosophie der recourcenschonenden nachhaltigen &hellip; <br \/><a href=\"https:\/\/www.roemerhof-felben.ch\/w\/ueber-uns\/\" class=\"more-link\">Continue reading <span class=\"screen-reader-text\">\u00dcber uns<\/span><\/a><\/p>\n","protected":false},"author":2,"featured_media":0,"parent":0,"menu_order":0,"comment_status":"closed","ping_status":"closed","template":"","meta":[],"_links":{"self":[{"href":"https:\/\/www.roemerhof-felben.ch\/w\/wp-json\/wp\/v2\/pages\/1260"}],"collection":[{"href":"https:\/\/www.roemerhof-felben.ch\/w\/wp-json\/wp\/v2\/pages"}],"about":[{"href":"https:\/\/www.roemerhof-felben.ch\/w\/wp-json\/wp\/v2\/types\/page"}],"author":[{"embeddable":true,"href":"https:\/\/www.roemerhof-felben.ch\/w\/wp-json\/wp\/v2\/users\/2"}],"replies":[{"embeddable":true,"href":"https:\/\/www.roemerhof-felben.ch\/w\/wp-json\/wp\/v2\/comments?post=1260"}],"version-history":[{"count":6,"href":"https:\/\/www.roemerhof-felben.ch\/w\/wp-json\/wp\/v2\/pages\/1260\/revisions"}],"predecessor-version":[{"id":5463,"href":"https:\/\/www.roemerhof-felben.ch\/w\/wp-json\/wp\/v2\/pages\/1260\/revisions\/5463"}],"wp:attachment":[{"href":"https:\/\/www.roemerhof-felben.ch\/w\/wp-json\/wp\/v2\/media?parent=1260"}],"curies":[{"name":"wp","href":"https:\/\/api.w.org\/{rel}","templated":true}]}}